{"id":203,"date":"2023-05-25T13:00:22","date_gmt":"2023-05-25T11:00:22","guid":{"rendered":"https:\/\/xn--bckerei-kreher-5hb.de\/neue%20webseite\/?page_id=203"},"modified":"2023-05-26T10:34:42","modified_gmt":"2023-05-26T08:34:42","slug":"verbaende-und-links","status":"publish","type":"page","link":"https:\/\/b\u00e4ckerei-kreher.de\/?page_id=203","title":{"rendered":"Verb\u00e4nde und Links"},"content":{"rendered":"<!-- wp:themify-builder\/canvas \/-->","protected":false},"excerpt":{"rendered":"","protected":false},"author":1,"featured_media":0,"parent":0,"menu_order":0,"comment_status":"closed","ping_status":"closed","template":"","meta":{"footnotes":""},"class_list":["post-203","page","type-page","status-publish","hentry","has-post-title","has-post-date","has-post-category","has-post-tag","has-post-comment","has-post-author",""],"builder_content":"<h2>Verb\u00e4nde und Links<\/h2> <p>Hier finden Sie Links, die f\u00fcr Sie interessant sein k\u00f6nnten.....<br><br>Zentralverband des deutschen B\u00e4ckerhandwerks e. V.<br><a href=\"http:\/\/www.baeckerhandwerk.de\" target=\"_blank\" rel=\"noopener\">www.baeckerhandwerk.de<\/a><\/p> <p>B\u00e4cker-Innung Wiesbaden-Frankfurt-Darmstadt <br>Altk\u00f6nigstra\u00dfe 1,<br>61462 K\u00f6nigstein\/Taunus<br>Tel. 06174-99 88 640<\/p> <p>B\u00e4cker-Innungsverband Hessen<br>Altk\u00f6nigstra\u00dfe 1,<br>61462 K\u00f6nigstein\/Taunus<br>Tel. 06174-99 88 63<br>www.bivhessen.de<\/p>","_links":{"self":[{"href":"https:\/\/b\u00e4ckerei-kreher.de\/index.php?rest_route=\/wp\/v2\/pages\/203","targetHints":{"allow":["GET"]}}],"collection":[{"href":"https:\/\/b\u00e4ckerei-kreher.de\/index.php?rest_route=\/wp\/v2\/pages"}],"about":[{"href":"https:\/\/b\u00e4ckerei-kreher.de\/index.php?rest_route=\/wp\/v2\/types\/page"}],"author":[{"embeddable":true,"href":"https:\/\/b\u00e4ckerei-kreher.de\/index.php?rest_route=\/wp\/v2\/users\/1"}],"replies":[{"embeddable":true,"href":"https:\/\/b\u00e4ckerei-kreher.de\/index.php?rest_route=%2Fwp%2Fv2%2Fcomments&post=203"}],"version-history":[{"count":7,"href":"https:\/\/b\u00e4ckerei-kreher.de\/index.php?rest_route=\/wp\/v2\/pages\/203\/revisions"}],"predecessor-version":[{"id":265,"href":"https:\/\/b\u00e4ckerei-kreher.de\/index.php?rest_route=\/wp\/v2\/pages\/203\/revisions\/265"}],"wp:attachment":[{"href":"https:\/\/b\u00e4ckerei-kreher.de\/index.php?rest_route=%2Fwp%2Fv2%2Fmedia&parent=203"}],"curies":[{"name":"wp","href":"https:\/\/api.w.org\/{rel}","templated":true}]}}