{"id":201,"date":"2023-05-25T12:58:15","date_gmt":"2023-05-25T10:58:15","guid":{"rendered":"https:\/\/xn--bckerei-kreher-5hb.de\/neue%20webseite\/?page_id=201"},"modified":"2023-07-25T12:16:59","modified_gmt":"2023-07-25T10:16:59","slug":"ausbildung","status":"publish","type":"page","link":"https:\/\/b\u00e4ckerei-kreher.de\/?page_id=201","title":{"rendered":"Ausbildung"},"content":{"rendered":"<!-- wp:themify-builder\/canvas \/-->","protected":false},"excerpt":{"rendered":"","protected":false},"author":1,"featured_media":0,"parent":0,"menu_order":0,"comment_status":"closed","ping_status":"closed","template":"","meta":{"footnotes":""},"class_list":["post-201","page","type-page","status-publish","hentry","has-post-title","has-post-date","has-post-category","has-post-tag","has-post-comment","has-post-author",""],"builder_content":"<h2>Wir bilden aus:<\/h2> <h3>B\u00e4cker<\/h3> <p>Kreativit\u00e4t, Technikverst\u00e4ndnis, Teamgeist und echte Handarbeit: das macht einen guten B\u00e4cker aus. Wenn du<br>gerne mit Lebensmitteln arbeitest, motiviert bist und dir vorstellen kannst, als Held der Nacht den Morgen mit<br>frischen Backwaren zu retten, dann ist die Ausbildung zum B\u00e4cker bzw. zur B\u00e4ckerin genau das Richtige f\u00fcr dich.<br>Bei deiner 3-j\u00e4hrigen Ausbildung zum\/zur B\u00e4ckergesellen\/in lernst du eine ganze Menge:<br>\u2022 Die Herstellung frischer Backwaren: von unterschiedlichen Brot- und Br\u00f6tchensorten \u00fcber Brezeln,<br>s\u00fc\u00dfe St\u00fcckchen und Snacks bis hin zu Desserts und Geb\u00e4ck.<br>\u2022 Die kreative Entwicklung des Rezepts bis zur fertigen Ware.<br>\u2022 Den Umgang mit modernster Technik sowie alle Arbeitsabl\u00e4ufe in einer B\u00e4ckerei.<br>\u2022 Die Einhaltung wichtiger Lagerungs-, Sicherheits- und Hygienebestimmungen.<br>\u2022 Das betriebswirtschaftliche Basiswissen eines B\u00e4ckereibetriebes.<br>Das Besondere am B\u00e4ckerberuf ist sicherlich die einzigartige Mischung aus jahrhundertealter Tradition und<br>modernster Technik. Denn zum einen wird vieles tats\u00e4chlich noch in Handarbeit erledigt \u2013 wobei die richtig<br>anstrengenden k\u00f6rperlichen Arbeiten heutzutage in aller Regel von Maschinen \u00fcbernommen werden.<br>Andererseits musst du modernste Back\u00f6fen bedienen k\u00f6nnen, genaue Kenntnisse in der Zusammensetzung der<br>einzelnen Rezepte besitzen und \u00fcberhaupt ein Gesp\u00fcr daf\u00fcr entwickeln, was frische, leckere Backwaren ausmacht.<br>Hier ist deine Kreativit\u00e4t gefragt!<br>Das Arbeitsspektrum eines\/einer B\u00e4cker\/in ist gro\u00df und abwechslungsreich. Denn ein B\u00e4cker backt nicht nur<br>Brot und Br\u00f6tchen, sondern auch eine Vielzahl anderer Backwaren, zum Beispiel Hefez\u00f6pfe, Torten, Croissants,<br>Desserts, Dauerbackwaren oder Stollen. Dabei ist es wichtig, dass du nicht nur wichtige Hygiene- und Arbeitsschutzbestimmungen<br>einh\u00e4ltst, sondern die Abl\u00e4ufe innerhalb eines B\u00e4ckereibetriebes kennst und verinnerlichst.<br>Zugegebenerma\u00dfen: dein Arbeitstag f\u00e4ngt fr\u00fch an. Daf\u00fcr hast du aber auch fr\u00fcher Feierabend.<br>Und ist es nicht sch\u00f6n, einen kreativen Beruf auszu\u00fcben, der so viele Menschen satt und gl\u00fccklich macht?<\/p> <p>Hier Informationen zum Download:<\/p> <p><a href=\"https:\/\/b\u00e4ckerei-kreher.de\/wp-content\/uploads\/2023\/05\/Baecker_AzubiVO_Rahmenlehrplan.pdf\" target=\"_blank\" rel=\"noopener\">B\u00e4cker Rahmenlehrplan<\/a><\/p> <p><a href=\"https:\/\/b\u00e4ckerei-kreher.de\/wp-content\/uploads\/2023\/05\/Beruf_Baecker.pdf\" target=\"_blank\" rel=\"noopener\">Berufsbild B\u00e4cker<\/a><\/p>\n\n<h3>B\u00e4ckereifachverk\u00e4ufer\/in<\/h3> <p>Dein L\u00e4cheln f\u00fcr zufriedene Kunden.<br>Als B\u00e4ckereifachverk\u00e4ufer\/in rettest du deinen Kundinnen und Kunden den Morgen, indem du sie mit leckeren<br>Backwaren versorgst. Deine Freundlichkeit, dein Geschick und deine Kreativit\u00e4t haben ma\u00dfgeblichen Anteil daran,<br>wie erfolgreich ein B\u00e4ckereibetrieb ist.<br>Bei deiner 3-j\u00e4hrigen Ausbildung zum\/zur B\u00e4ckereifachverk\u00e4ufer\/in sind besonders wichtig:<br>\u2022 Viel Freundlichkeit beim Beraten und Bedienen der Kunden.<br>\u2022 Viel Kreativit\u00e4t beim Sortieren und Anrichten der Backwaren.<br>\u2022 Die Einhaltung von Sauberkeit, Hygiene und Ordnung.<br>\u2022 Kopfrechnen und ein gutes Ged\u00e4chtnis.<br>Als B\u00e4ckereifachverk\u00e4ufer\/in bist du gewisserma\u00dfen die Visitenkarte des B\u00e4ckereibetriebes, in dem du arbeitest.<br>Das freundliche Gespr\u00e4ch mit den Kundinnen und Kunden sowie eine kompetente Beratungsleistung geh\u00f6ren<br>unbedingt zu deinen St\u00e4rken. Dazu z\u00e4hlt auch ein fachkompetentes und sicheres Auftreten in Stress-Situationen.<br>Au\u00dferdem arbeitest du gerne mit Lebensmitteln und bist motiviert.<br>Es versteht sich von selbst, dass du alle Brote, Br\u00f6tchen und sonstigen Backwaren samt ihrer Zusammensetzung<br>sowie Besonderheiten kennst und Kunden mit Spezialw\u00fcnschen, z. B. bei Milchunvertr\u00e4glichkeit oder einer<br>Allergie gegen Roggen, zuverl\u00e4ssig ber\u00e4tst. Dar\u00fcber hinaus planst und organisierst du Sonderbestellungen, z. B.<br>f\u00fcr ein Buffet oder ein Fest. Hier ist deine Kreativit\u00e4t gefragt!<br>Ganz wichtig f\u00fcr eine\/n B\u00e4ckereifachverk\u00e4ufer\/in ist die Beherrschung wichtiger Hygiene-, Gesundheits- und<br>Umweltschutzbestimmungen sowie die Bedienung wichtiger Arbeitsger\u00e4te im Verkaufsraum \u2013 von der<br>Brotschneidemaschine bis zur Kasse. Sauberkeit und Ordnung sind f\u00fcr dich oberstes Gebot!<br>Als B\u00e4ckereifachverk\u00e4ufer\/in lernst du, Brot, Br\u00f6tchen und Kleingeb\u00e4ck f\u00fcr den Direktverkauf im B\u00e4ckereibetrieb<br>zu belegen, zu dekorieren und appetitlich anzurichten. Schlie\u00dflich verlangen deine Kundinnen und Kunden nicht nur<br>frische Backwaren, sondern auch eine ansprechende Pr\u00e4sentation! Und sag selbst: Ist es nicht sch\u00f6n, einen<br>kreativen Beruf auszu\u00fcben, der so viele Menschen satt und gl\u00fccklich macht?<\/p> <p>Hier Informationen zum Download:<\/p> <p><a href=\"https:\/\/b\u00e4ckerei-kreher.de\/wp-content\/uploads\/2023\/05\/Baecker_AzubiVO_Rahmenlehrplan-2.pdf\" target=\"_blank\" rel=\"noopener\">B\u00e4ckereifachverk\u00e4ufer\/in Rahmenlehrplan<\/a><\/p> <p><a href=\"https:\/\/b\u00e4ckerei-kreher.de\/wp-content\/uploads\/2023\/05\/Beruf_Verkaeuferin.pdf\" target=\"_blank\" rel=\"noopener\">Berufsbild B\u00e4ckereifachverk\u00e4ufer\/in<\/a><\/p>","_links":{"self":[{"href":"https:\/\/b\u00e4ckerei-kreher.de\/index.php?rest_route=\/wp\/v2\/pages\/201","targetHints":{"allow":["GET"]}}],"collection":[{"href":"https:\/\/b\u00e4ckerei-kreher.de\/index.php?rest_route=\/wp\/v2\/pages"}],"about":[{"href":"https:\/\/b\u00e4ckerei-kreher.de\/index.php?rest_route=\/wp\/v2\/types\/page"}],"author":[{"embeddable":true,"href":"https:\/\/b\u00e4ckerei-kreher.de\/index.php?rest_route=\/wp\/v2\/users\/1"}],"replies":[{"embeddable":true,"href":"https:\/\/b\u00e4ckerei-kreher.de\/index.php?rest_route=%2Fwp%2Fv2%2Fcomments&post=201"}],"version-history":[{"count":11,"href":"https:\/\/b\u00e4ckerei-kreher.de\/index.php?rest_route=\/wp\/v2\/pages\/201\/revisions"}],"predecessor-version":[{"id":564,"href":"https:\/\/b\u00e4ckerei-kreher.de\/index.php?rest_route=\/wp\/v2\/pages\/201\/revisions\/564"}],"wp:attachment":[{"href":"https:\/\/b\u00e4ckerei-kreher.de\/index.php?rest_route=%2Fwp%2Fv2%2Fmedia&parent=201"}],"curies":[{"name":"wp","href":"https:\/\/api.w.org\/{rel}","templated":true}]}}