{"id":183,"date":"2023-05-25T11:50:37","date_gmt":"2023-05-25T09:50:37","guid":{"rendered":"https:\/\/xn--bckerei-kreher-5hb.de\/neue%20webseite\/?page_id=183"},"modified":"2025-09-15T11:38:12","modified_gmt":"2025-09-15T09:38:12","slug":"impressum","status":"publish","type":"page","link":"https:\/\/b\u00e4ckerei-kreher.de\/?page_id=183","title":{"rendered":"Impressum"},"content":{"rendered":"<!-- wp:themify-builder\/canvas \/-->","protected":false},"excerpt":{"rendered":"","protected":false},"author":1,"featured_media":0,"parent":0,"menu_order":0,"comment_status":"closed","ping_status":"closed","template":"","meta":{"footnotes":""},"class_list":["post-183","page","type-page","status-publish","hentry","has-post-title","has-post-date","has-post-category","has-post-tag","has-post-comment","has-post-author",""],"builder_content":"<h2>Impressum<\/h2> <p>Dieser Webauftritt wird betrieben von der:<\/p> <p>B\u00e4ckerei<br>J\u00fcrgen Kreher<br>Babenh\u00e4user Stra\u00dfe 4<br>64859 Eppertshausen<\/p> <p>Telefon: +49 06071 \/ 34181<\/p> <p>Mail: baeckerei.kreher@gmx.de<\/p> <p>Bestellannahme nur per Telefon !!<\/p> <p>USt-IdNr.: DE176687263<\/p> <p>Aufsichtsf\u00fchrende Beh\u00f6rde:<br>Handwerkskammer Rhein-Main<br>Bockenheimer Landstra\u00dfe 1<br>60325 Frankfurt am Main<br>www.hwk-rhein-main.de<\/p> <p>Berufsbezeichnung: B\u00e4ckermeister<br>Meistertitel verliehen in der Bundesrepublik Deutschland durch die Handwerkskammer Rhein-Main<\/p> <p>Eingetragen in die Handwerksrolle<br>Betriebsnr.: 4148694<\/p> <p>Inhaltlicher Verantwortlicher gem\u00e4\u00df \u00a7 55 Abs. 2 Rundfunkstaatsvertrag:<br>J\u00fcrgen Kreher<br><br><\/p> Wir sind zur Teilnahme an einem Streitbeilegungsverfahren vor einer Verbraucherschlichtungsstelle weder verpflichtet noch bereit. \u00a0","_links":{"self":[{"href":"https:\/\/b\u00e4ckerei-kreher.de\/index.php?rest_route=\/wp\/v2\/pages\/183","targetHints":{"allow":["GET"]}}],"collection":[{"href":"https:\/\/b\u00e4ckerei-kreher.de\/index.php?rest_route=\/wp\/v2\/pages"}],"about":[{"href":"https:\/\/b\u00e4ckerei-kreher.de\/index.php?rest_route=\/wp\/v2\/types\/page"}],"author":[{"embeddable":true,"href":"https:\/\/b\u00e4ckerei-kreher.de\/index.php?rest_route=\/wp\/v2\/users\/1"}],"replies":[{"embeddable":true,"href":"https:\/\/b\u00e4ckerei-kreher.de\/index.php?rest_route=%2Fwp%2Fv2%2Fcomments&post=183"}],"version-history":[{"count":8,"href":"https:\/\/b\u00e4ckerei-kreher.de\/index.php?rest_route=\/wp\/v2\/pages\/183\/revisions"}],"predecessor-version":[{"id":567,"href":"https:\/\/b\u00e4ckerei-kreher.de\/index.php?rest_route=\/wp\/v2\/pages\/183\/revisions\/567"}],"wp:attachment":[{"href":"https:\/\/b\u00e4ckerei-kreher.de\/index.php?rest_route=%2Fwp%2Fv2%2Fmedia&parent=183"}],"curies":[{"name":"wp","href":"https:\/\/api.w.org\/{rel}","templated":true}]}}